{"id":5747,"date":"2020-11-02T08:51:44","date_gmt":"2020-11-02T08:51:44","guid":{"rendered":"https:\/\/wineglass-communication.hu\/termek\/bormarketing-konyv\/"},"modified":"2023-01-11T13:12:20","modified_gmt":"2023-01-11T13:12:20","slug":"winemarketing-book","status":"publish","type":"product","link":"https:\/\/wineglass-communication.hu\/en\/product\/winemarketing-book\/","title":{"rendered":"Winemarketing book"},"content":{"rendered":"<p><span style=\"font-weight: 400;\">Bormarketing &#8211; szeml\u00e9letv\u00e1lt\u00f3 eszk\u00f6z\u00f6k a modern \u00e9s sikeres bor\u00e1szathoz<\/span><\/p>\n","protected":false},"excerpt":{"rendered":"<p>Bormarketing &#8211; szeml\u00e9letv\u00e1lt\u00f3 eszk\u00f6z\u00f6k a modern \u00e9s sikeres bor\u00e1szathoz<\/p>\n","protected":false},"featured_media":5262,"comment_status":"closed","ping_status":"closed","template":"","meta":[],"product_brand":[],"product_cat":[15],"product_tag":[],"class_list":{"0":"post-5747","1":"product","2":"type-product","3":"status-publish","4":"has-post-thumbnail","6":"product_cat-egyeb","8":"first","9":"instock","10":"shipping-taxable","11":"purchasable","12":"product-type-simple"},"yoast_head":"<!-- This site is optimized with the Yoast SEO Premium plugin v23.1 (Yoast SEO v26.1.1) - https:\/\/yoast.com\/wordpress\/plugins\/seo\/ -->\n<title>Winemarketing book - Wineglass Communication<\/title>\n<meta name=\"description\" content=\"Bormarketing - szeml\u00e9letv\u00e1lt\u00f3 eszk\u00f6z\u00f6k a modern \u00e9s sikeres bor\u00e1szathoz. A k\u00f6nyv az\u00e9rt sz\u00fcletett, hogy a bor\u00e1szatokban dolgoz\u00f3k tudatosan \u00e9s eredm\u00e9nyesen v\u00e9gezhess\u00e9k munk\u00e1jukat a marketing ter\u00fclet\u00e9n.\" \/>\n<meta name=\"robots\" content=\"index, follow, max-snippet:-1, max-image-preview:large, max-video-preview:-1\" \/>\n<link rel=\"canonical\" href=\"https:\/\/wineglass-communication.hu\/product\/bormarketing-konyv\/\" \/>\n<meta property=\"og:locale\" content=\"en_US\" \/>\n<meta property=\"og:type\" content=\"article\" \/>\n<meta property=\"og:title\" content=\"Winemarketing book\" \/>\n<meta property=\"og:description\" content=\"Bormarketing - szeml\u00e9letv\u00e1lt\u00f3 eszk\u00f6z\u00f6k a modern \u00e9s sikeres bor\u00e1szathoz. A k\u00f6nyv az\u00e9rt sz\u00fcletett, hogy a bor\u00e1szatokban dolgoz\u00f3k tudatosan \u00e9s eredm\u00e9nyesen v\u00e9gezhess\u00e9k munk\u00e1jukat a marketing ter\u00fclet\u00e9n.\" \/>\n<meta property=\"og:url\" content=\"https:\/\/wineglass-communication.hu\/product\/bormarketing-konyv\/\" \/>\n<meta property=\"og:site_name\" content=\"Wineglass Communication\" \/>\n<meta property=\"article:modified_time\" content=\"2023-01-11T13:12:20+00:00\" \/>\n<meta property=\"og:image\" content=\"https:\/\/wineglass-communication.hu\/wp-content\/uploads\/2020\/11\/konyv-cimlap.jpg\" \/>\n\t<meta property=\"og:image:width\" content=\"600\" \/>\n\t<meta property=\"og:image:height\" content=\"767\" \/>\n\t<meta property=\"og:image:type\" content=\"image\/jpeg\" \/>\n<meta name=\"twitter:card\" content=\"summary_large_image\" \/>\n<meta name=\"twitter:label1\" content=\"Price\" \/>\n\t<meta name=\"twitter:data1\" content=\"7.990 Ft\" \/>\n\t<meta name=\"twitter:label2\" content=\"Availability\" \/>\n\t<meta name=\"twitter:data2\" content=\"In stock\" \/>\n<script type=\"application\/ld+json\" class=\"yoast-schema-graph\">{\"@context\":\"https:\/\/schema.org\",\"@graph\":[{\"@type\":\"WebPage\",\"@id\":\"https:\/\/wineglass-communication.hu\/product\/bormarketing-konyv\/\",\"url\":\"https:\/\/wineglass-communication.hu\/product\/bormarketing-konyv\/\",\"name\":\"Winemarketing book - Wineglass Communication\",\"isPartOf\":{\"@id\":\"https:\/\/wineglass-communication.hu\/#website\"},\"primaryImageOfPage\":{\"@id\":\"https:\/\/wineglass-communication.hu\/product\/bormarketing-konyv\/#primaryimage\"},\"image\":{\"@id\":\"https:\/\/wineglass-communication.hu\/product\/bormarketing-konyv\/#primaryimage\"},\"thumbnailUrl\":\"https:\/\/wineglass-communication.hu\/wp-content\/uploads\/2020\/11\/konyv-cimlap.jpg\",\"datePublished\":\"2020-11-02T08:51:44+00:00\",\"dateModified\":\"2023-01-11T13:12:20+00:00\",\"description\":\"Bormarketing - szeml\u00e9letv\u00e1lt\u00f3 eszk\u00f6z\u00f6k a modern \u00e9s sikeres bor\u00e1szathoz. A k\u00f6nyv az\u00e9rt sz\u00fcletett, hogy a bor\u00e1szatokban dolgoz\u00f3k tudatosan \u00e9s eredm\u00e9nyesen v\u00e9gezhess\u00e9k munk\u00e1jukat a marketing ter\u00fclet\u00e9n.\",\"breadcrumb\":{\"@id\":\"https:\/\/wineglass-communication.hu\/product\/bormarketing-konyv\/#breadcrumb\"},\"inLanguage\":\"en-US\",\"potentialAction\":[{\"@type\":\"ReadAction\",\"target\":[\"https:\/\/wineglass-communication.hu\/product\/bormarketing-konyv\/\"]}]},{\"@type\":\"ImageObject\",\"inLanguage\":\"en-US\",\"@id\":\"https:\/\/wineglass-communication.hu\/product\/bormarketing-konyv\/#primaryimage\",\"url\":\"https:\/\/wineglass-communication.hu\/wp-content\/uploads\/2020\/11\/konyv-cimlap.jpg\",\"contentUrl\":\"https:\/\/wineglass-communication.hu\/wp-content\/uploads\/2020\/11\/konyv-cimlap.jpg\",\"width\":600,\"height\":767},{\"@type\":\"BreadcrumbList\",\"@id\":\"https:\/\/wineglass-communication.hu\/product\/bormarketing-konyv\/#breadcrumb\",\"itemListElement\":[{\"@type\":\"ListItem\",\"position\":1,\"name\":\"Kezd\u0151lap\",\"item\":\"https:\/\/wineglass-communication.hu\/en\/\"},{\"@type\":\"ListItem\",\"position\":2,\"name\":\"\u00dczlet\",\"item\":\"https:\/\/wineglass-communication.hu\/uzlet\/\"},{\"@type\":\"ListItem\",\"position\":3,\"name\":\"Winemarketing book\"}]},{\"@type\":\"WebSite\",\"@id\":\"https:\/\/wineglass-communication.hu\/#website\",\"url\":\"https:\/\/wineglass-communication.hu\/\",\"name\":\"Wineglass Communication\",\"description\":\"\",\"potentialAction\":[{\"@type\":\"SearchAction\",\"target\":{\"@type\":\"EntryPoint\",\"urlTemplate\":\"https:\/\/wineglass-communication.hu\/?s={search_term_string}\"},\"query-input\":{\"@type\":\"PropertyValueSpecification\",\"valueRequired\":true,\"valueName\":\"search_term_string\"}}],\"inLanguage\":\"en-US\"}]}<\/script>\n<meta property=\"product:brand\" content=\"simple\" \/>\n<meta property=\"product:price:amount\" content=\"7990\" \/>\n<meta property=\"product:price:currency\" content=\"HUF\" \/>\n<meta property=\"og:availability\" content=\"instock\" \/>\n<meta property=\"product:availability\" content=\"instock\" \/>\n<meta property=\"product:retailer_item_id\" content=\"001\" \/>\n<meta property=\"product:condition\" content=\"new\" \/>\n<!-- \/ Yoast SEO Premium plugin. -->","yoast_head_json":{"title":"Winemarketing book - Wineglass Communication","description":"Bormarketing - szeml\u00e9letv\u00e1lt\u00f3 eszk\u00f6z\u00f6k a modern \u00e9s sikeres bor\u00e1szathoz. A k\u00f6nyv az\u00e9rt sz\u00fcletett, hogy a bor\u00e1szatokban dolgoz\u00f3k tudatosan \u00e9s eredm\u00e9nyesen v\u00e9gezhess\u00e9k munk\u00e1jukat a marketing ter\u00fclet\u00e9n.","robots":{"index":"index","follow":"follow","max-snippet":"max-snippet:-1","max-image-preview":"max-image-preview:large","max-video-preview":"max-video-preview:-1"},"canonical":"https:\/\/wineglass-communication.hu\/product\/bormarketing-konyv\/","og_locale":"en_US","og_type":"article","og_title":"Winemarketing book","og_description":"Bormarketing - szeml\u00e9letv\u00e1lt\u00f3 eszk\u00f6z\u00f6k a modern \u00e9s sikeres bor\u00e1szathoz. A k\u00f6nyv az\u00e9rt sz\u00fcletett, hogy a bor\u00e1szatokban dolgoz\u00f3k tudatosan \u00e9s eredm\u00e9nyesen v\u00e9gezhess\u00e9k munk\u00e1jukat a marketing ter\u00fclet\u00e9n.","og_url":"https:\/\/wineglass-communication.hu\/product\/bormarketing-konyv\/","og_site_name":"Wineglass Communication","article_modified_time":"2023-01-11T13:12:20+00:00","og_image":[{"width":600,"height":767,"url":"https:\/\/wineglass-communication.hu\/wp-content\/uploads\/2020\/11\/konyv-cimlap.jpg","type":"image\/jpeg"}],"twitter_card":"summary_large_image","twitter_misc":{"Price":"7.990 Ft","Availability":"In stock"},"schema":{"@context":"https:\/\/schema.org","@graph":[{"@type":"WebPage","@id":"https:\/\/wineglass-communication.hu\/product\/bormarketing-konyv\/","url":"https:\/\/wineglass-communication.hu\/product\/bormarketing-konyv\/","name":"Winemarketing book - Wineglass Communication","isPartOf":{"@id":"https:\/\/wineglass-communication.hu\/#website"},"primaryImageOfPage":{"@id":"https:\/\/wineglass-communication.hu\/product\/bormarketing-konyv\/#primaryimage"},"image":{"@id":"https:\/\/wineglass-communication.hu\/product\/bormarketing-konyv\/#primaryimage"},"thumbnailUrl":"https:\/\/wineglass-communication.hu\/wp-content\/uploads\/2020\/11\/konyv-cimlap.jpg","datePublished":"2020-11-02T08:51:44+00:00","dateModified":"2023-01-11T13:12:20+00:00","description":"Bormarketing - szeml\u00e9letv\u00e1lt\u00f3 eszk\u00f6z\u00f6k a modern \u00e9s sikeres bor\u00e1szathoz. A k\u00f6nyv az\u00e9rt sz\u00fcletett, hogy a bor\u00e1szatokban dolgoz\u00f3k tudatosan \u00e9s eredm\u00e9nyesen v\u00e9gezhess\u00e9k munk\u00e1jukat a marketing ter\u00fclet\u00e9n.","breadcrumb":{"@id":"https:\/\/wineglass-communication.hu\/product\/bormarketing-konyv\/#breadcrumb"},"inLanguage":"en-US","potentialAction":[{"@type":"ReadAction","target":["https:\/\/wineglass-communication.hu\/product\/bormarketing-konyv\/"]}]},{"@type":"ImageObject","inLanguage":"en-US","@id":"https:\/\/wineglass-communication.hu\/product\/bormarketing-konyv\/#primaryimage","url":"https:\/\/wineglass-communication.hu\/wp-content\/uploads\/2020\/11\/konyv-cimlap.jpg","contentUrl":"https:\/\/wineglass-communication.hu\/wp-content\/uploads\/2020\/11\/konyv-cimlap.jpg","width":600,"height":767},{"@type":"BreadcrumbList","@id":"https:\/\/wineglass-communication.hu\/product\/bormarketing-konyv\/#breadcrumb","itemListElement":[{"@type":"ListItem","position":1,"name":"Kezd\u0151lap","item":"https:\/\/wineglass-communication.hu\/en\/"},{"@type":"ListItem","position":2,"name":"\u00dczlet","item":"https:\/\/wineglass-communication.hu\/uzlet\/"},{"@type":"ListItem","position":3,"name":"Winemarketing book"}]},{"@type":"WebSite","@id":"https:\/\/wineglass-communication.hu\/#website","url":"https:\/\/wineglass-communication.hu\/","name":"Wineglass Communication","description":"","potentialAction":[{"@type":"SearchAction","target":{"@type":"EntryPoint","urlTemplate":"https:\/\/wineglass-communication.hu\/?s={search_term_string}"},"query-input":{"@type":"PropertyValueSpecification","valueRequired":true,"valueName":"search_term_string"}}],"inLanguage":"en-US"}]},"product_brand":"simple","product_price_amount":"7990","product_price_currency":"HUF","og_availability":"instock","product_availability":"instock","product_retailer_item_id":"001","product_condition":"new"},"_links":{"self":[{"href":"https:\/\/wineglass-communication.hu\/en\/wp-json\/wp\/v2\/product\/5747","targetHints":{"allow":["GET"]}}],"collection":[{"href":"https:\/\/wineglass-communication.hu\/en\/wp-json\/wp\/v2\/product"}],"about":[{"href":"https:\/\/wineglass-communication.hu\/en\/wp-json\/wp\/v2\/types\/product"}],"replies":[{"embeddable":true,"href":"https:\/\/wineglass-communication.hu\/en\/wp-json\/wp\/v2\/comments?post=5747"}],"wp:featuredmedia":[{"embeddable":true,"href":"https:\/\/wineglass-communication.hu\/en\/wp-json\/wp\/v2\/media\/5262"}],"wp:attachment":[{"href":"https:\/\/wineglass-communication.hu\/en\/wp-json\/wp\/v2\/media?parent=5747"}],"wp:term":[{"taxonomy":"product_brand","embeddable":true,"href":"https:\/\/wineglass-communication.hu\/en\/wp-json\/wp\/v2\/product_brand?post=5747"},{"taxonomy":"product_cat","embeddable":true,"href":"https:\/\/wineglass-communication.hu\/en\/wp-json\/wp\/v2\/product_cat?post=5747"},{"taxonomy":"product_tag","embeddable":true,"href":"https:\/\/wineglass-communication.hu\/en\/wp-json\/wp\/v2\/product_tag?post=5747"}],"curies":[{"name":"wp","href":"https:\/\/api.w.org\/{rel}","templated":true}]}}